{"id":20157,"date":"2021-07-17T20:13:10","date_gmt":"2021-07-18T02:13:10","guid":{"rendered":"https:\/\/staging.arenalrafting.com\/politica-de-privacidad\/"},"modified":"2021-07-17T20:13:10","modified_gmt":"2021-07-18T02:13:10","slug":"politica-de-privacidad","status":"publish","type":"page","link":"https:\/\/arenalrafting.com\/es\/politica-de-privacidad\/","title":{"rendered":"Pol\u00edtica de privacidad"},"content":{"rendered":"<div id=\"contenido-aviso\" class=\"wp-block-group\">\n<div class=\"wp-block-group__inner-container\">\n<div class=\"wp-block-group__inner-container\">\n<div id=\"contenido-aviso\" class=\"wp-block-group\">\n<div class=\"wp-block-group__inner-container\">\n<div class=\"wp-block-group__inner-container\">\n<h2>Aviso de privacidad completo<\/h2>\n<p>Danny Anchia m\u00e1s conocido como <strong><br \/>\n  <em>Compa\u00f1\u00eda de Rafting Arenal<\/em><br \/>\n<\/strong>, con direcci\u00f3n a 100 metros al norte de la fuerza p\u00fablica, La Fortuna, avenida San Carlos 333 calle 460. y portal de internet arenalrafting.com, es responsable del uso y protecci\u00f3n de tus datos personales, y te informamos de lo siguiente:<\/p>\n<p><strong>\u00bfPara qu\u00e9 fines utilizaremos tus datos personales?<\/strong><\/p>\n<p>Los datos personales que recabamos de ti, los utilizaremos para los siguientes fines que son necesarios para el servicio que solicitas: Respuesta a los mensajes del formulario de contacto, Prestaci\u00f3n de cualquier servicio solicitado<\/p>\n<p><strong>\u00bfQu\u00e9 datos personales utilizaremos para estos fines?<\/strong><\/p>\n<p>Para llevar a cabo las finalidades descritas en este aviso de privacidad, utilizaremos los siguientes datos personales:<\/p>\n<p>Datos de identificaci\u00f3n y contacto<\/p>\n<\/div>\n<div class=\"wp-block-group__inner-container\">\n<p><strong>\u00bfC\u00f3mo puedes acceder, rectificar o cancelar tus datos personales, u oponerte a su uso o ejercer la revocaci\u00f3n del consentimiento?<\/strong>Tienes derecho a saber qu\u00e9 datos personales tenemos sobre ti, para qu\u00e9 los utilizamos y las condiciones de uso que te damos (Acceso). Tambi\u00e9n es tu derecho solicitar la correcci\u00f3n de tu informaci\u00f3n personal en caso de que est\u00e9 desactualizada, sea inexacta o incompleta (Rectificaci\u00f3n); que la eliminemos de nuestros registros o bases de datos cuando consideres que no est\u00e1 siendo utilizada adecuadamente (Cancelaci\u00f3n); as\u00ed como oponerte al uso de tus datos personales para fines espec\u00edficos (Oposici\u00f3n). Estos derechos se conocen como derechos ARCO.<\/p>\n<p>Para el ejercicio de cualquiera de los derechos ARCO, deber\u00e1s enviar una solicitud por correo electr\u00f3nico a admin@arenalrafting.com y deber\u00e1 contener:<\/p>\n<p><strong>Nombre completo del titular.<\/strong><\/p>\n<p><strong>Direcci\u00f3n.<\/strong><\/p>\n<p><strong>Tel\u00e9fono.<\/strong><\/p>\n<p><strong>Correo electr\u00f3nico utilizado en este sitio web.<\/strong><\/p>\n<p><strong>Adjunta copia de una identificaci\u00f3n oficial.<\/strong><\/p>\n<p><strong>Asunto \u00abDerechos ARCO\u00bb<\/strong><\/p>\n<p>Descripci\u00f3n del objeto del documento, que puede ser, entre otros, el siguiente: Revocaci\u00f3n del consentimiento para el tratamiento de tus datos personales; y\/o Notificaci\u00f3n del uso indebido del tratamiento de tus datos personales; y\/o Ejercicio de tus Derechos ARCO, con una descripci\u00f3n clara y precisa de los datos a Acceder, Rectificar, Cancelar u Oponerte. En caso de Rectificaci\u00f3n de datos personales, deber\u00e1s indicar la modificaci\u00f3n exacta y adjuntar la documentaci\u00f3n acreditativa; es importante que en caso de revocaci\u00f3n del consentimiento, tengas en cuenta que no en todos los casos podremos atender tu solicitud o dar por finalizado el uso de forma inmediata, ya que es posible que por alguna obligaci\u00f3n legal requiramos seguir tratando tus datos personales. Tambi\u00e9n debes considerar que para ciertos fines, la revocaci\u00f3n de tu consentimiento implicar\u00e1 que no podamos seguir prest\u00e1ndote el servicio que nos solicitaste, o la terminaci\u00f3n de tu relaci\u00f3n con nosotros.<\/p>\n<p>\u00bfEn cu\u00e1ntos d\u00edas responderemos a tu solicitud?<\/p>\n<\/div>\n<div class=\"wp-block-group__inner-container\">5 d\u00edas<\/div>\n<div><\/div>\n<div><\/div>\n<div class=\"wp-block-group__inner-container\">\n<h4 id=\"aviso-format\">\u00daltima actualizaci\u00f3n de este aviso de privacidad: 04\/08\/2021<\/h4>\n<\/div>\n<\/div>\n<\/div>\n<\/div>\n<\/div>\n<\/div>\n","protected":false},"excerpt":{"rendered":"<p>Aviso de privacidad completo Danny Anchia m\u00e1s conocido como Compa\u00f1\u00eda de Rafting Arenal , con direcci\u00f3n a 100 metros al norte de la fuerza p\u00fablica, La Fortuna, avenida San Carlos 333 calle 460. y portal de internet arenalrafting.com, es responsable del uso y protecci\u00f3n de tus datos personales, y te informamos de lo siguiente: \u00bfPara [&hellip;]<\/p>\n","protected":false},"author":5,"featured_media":10510,"parent":0,"menu_order":0,"comment_status":"closed","ping_status":"closed","template":"","meta":{"footnotes":""},"class_list":["post-20157","page","type-page","status-publish","has-post-thumbnail","hentry"],"yoast_head":"<!-- This site is optimized with the Yoast SEO plugin v27.3 - https:\/\/yoast.com\/product\/yoast-seo-wordpress\/ -->\n<title>Pol\u00edtica de privacidad - ARENAL RAFTING 4.0 Company - Las mejores excursiones en el Volc\u00e1n Arenal<\/title>\n<meta name=\"description\" content=\"Arenal Rafting Company, con direcci\u00f3n a 100 metros al norte de la aplicaci\u00f3n de la ley, La Fortuna, San Carlos Volc\u00e1n Arenal\" \/>\n<meta name=\"robots\" content=\"index, follow, max-snippet:-1, max-image-preview:large, max-video-preview:-1\" \/>\n<link rel=\"canonical\" href=\"https:\/\/arenalrafting.com\/es\/politica-de-privacidad\/\" \/>\n<meta property=\"og:locale\" content=\"es_ES\" \/>\n<meta property=\"og:type\" content=\"article\" \/>\n<meta property=\"og:title\" content=\"Pol\u00edtica de privacidad - ARENAL RAFTING 4.0 Company - Las mejores excursiones en el Volc\u00e1n Arenal\" \/>\n<meta property=\"og:description\" content=\"Arenal Rafting Company, con direcci\u00f3n a 100 metros al norte de la aplicaci\u00f3n de la ley, La Fortuna, San Carlos Volc\u00e1n Arenal\" \/>\n<meta property=\"og:url\" content=\"https:\/\/arenalrafting.com\/es\/politica-de-privacidad\/\" \/>\n<meta property=\"og:site_name\" content=\"ARENAL RAFTING 4.0\" \/>\n<meta property=\"article:publisher\" content=\"https:\/\/www.facebook.com\/arenalraftingcompany\/\" \/>\n<meta property=\"og:image\" content=\"https:\/\/arenalrafting.com\/wp-content\/uploads\/2021\/07\/Rio-Balsa-Whitewater-Rafting-Class-III.jpg\" \/>\n\t<meta property=\"og:image:width\" content=\"1366\" \/>\n\t<meta property=\"og:image:height\" content=\"500\" \/>\n\t<meta property=\"og:image:type\" content=\"image\/jpeg\" \/>\n<meta name=\"twitter:card\" content=\"summary_large_image\" \/>\n<!-- \/ Yoast SEO plugin. -->","yoast_head_json":{"title":"Pol\u00edtica de privacidad - ARENAL RAFTING 4.0 Company - Las mejores excursiones en el Volc\u00e1n Arenal","description":"Arenal Rafting Company, con direcci\u00f3n a 100 metros al norte de la aplicaci\u00f3n de la ley, La Fortuna, San Carlos Volc\u00e1n Arenal","robots":{"index":"index","follow":"follow","max-snippet":"max-snippet:-1","max-image-preview":"max-image-preview:large","max-video-preview":"max-video-preview:-1"},"canonical":"https:\/\/arenalrafting.com\/es\/politica-de-privacidad\/","og_locale":"es_ES","og_type":"article","og_title":"Pol\u00edtica de privacidad - ARENAL RAFTING 4.0 Company - Las mejores excursiones en el Volc\u00e1n Arenal","og_description":"Arenal Rafting Company, con direcci\u00f3n a 100 metros al norte de la aplicaci\u00f3n de la ley, La Fortuna, San Carlos Volc\u00e1n Arenal","og_url":"https:\/\/arenalrafting.com\/es\/politica-de-privacidad\/","og_site_name":"ARENAL RAFTING 4.0","article_publisher":"https:\/\/www.facebook.com\/arenalraftingcompany\/","og_image":[{"width":1366,"height":500,"url":"https:\/\/arenalrafting.com\/wp-content\/uploads\/2021\/07\/Rio-Balsa-Whitewater-Rafting-Class-III.jpg","type":"image\/jpeg"}],"twitter_card":"summary_large_image","schema":{"@context":"https:\/\/schema.org","@graph":[{"@type":"WebPage","@id":"https:\/\/arenalrafting.com\/es\/politica-de-privacidad\/","url":"https:\/\/arenalrafting.com\/es\/politica-de-privacidad\/","name":"Pol\u00edtica de privacidad - ARENAL RAFTING 4.0 Company - Las mejores excursiones en el Volc\u00e1n Arenal","isPartOf":{"@id":"https:\/\/arenalrafting.com\/es\/#website"},"primaryImageOfPage":{"@id":"https:\/\/arenalrafting.com\/es\/politica-de-privacidad\/#primaryimage"},"image":{"@id":"https:\/\/arenalrafting.com\/es\/politica-de-privacidad\/#primaryimage"},"thumbnailUrl":"https:\/\/arenalrafting.com\/wp-content\/uploads\/2021\/07\/Rio-Balsa-Whitewater-Rafting-Class-III.jpg","datePublished":"2021-07-18T02:13:10+00:00","description":"Arenal Rafting Company, con direcci\u00f3n a 100 metros al norte de la aplicaci\u00f3n de la ley, La Fortuna, San Carlos Volc\u00e1n Arenal","breadcrumb":{"@id":"https:\/\/arenalrafting.com\/es\/politica-de-privacidad\/#breadcrumb"},"inLanguage":"es","potentialAction":[{"@type":"ReadAction","target":["https:\/\/arenalrafting.com\/es\/politica-de-privacidad\/"]}]},{"@type":"ImageObject","inLanguage":"es","@id":"https:\/\/arenalrafting.com\/es\/politica-de-privacidad\/#primaryimage","url":"https:\/\/arenalrafting.com\/wp-content\/uploads\/2021\/07\/Rio-Balsa-Whitewater-Rafting-Class-III.jpg","contentUrl":"https:\/\/arenalrafting.com\/wp-content\/uploads\/2021\/07\/Rio-Balsa-Whitewater-Rafting-Class-III.jpg","width":1366,"height":500,"caption":"Rio Balsa Whitewater Rafting Class III"},{"@type":"BreadcrumbList","@id":"https:\/\/arenalrafting.com\/es\/politica-de-privacidad\/#breadcrumb","itemListElement":[{"@type":"ListItem","position":1,"name":"Home","item":"https:\/\/arenalrafting.com\/es\/inicio\/"},{"@type":"ListItem","position":2,"name":"Pol\u00edtica de privacidad"}]},{"@type":"WebSite","@id":"https:\/\/arenalrafting.com\/es\/#website","url":"https:\/\/arenalrafting.com\/es\/","name":"Arenal Rafting","description":"The best rafting adventure of your vacation!","publisher":{"@id":"https:\/\/arenalrafting.com\/es\/#organization"},"alternateName":"Arenal Rafting Tours, La Fortuna","potentialAction":[{"@type":"SearchAction","target":{"@type":"EntryPoint","urlTemplate":"https:\/\/arenalrafting.com\/es\/?s={search_term_string}"},"query-input":{"@type":"PropertyValueSpecification","valueRequired":true,"valueName":"search_term_string"}}],"inLanguage":"es"},{"@type":"Organization","@id":"https:\/\/arenalrafting.com\/es\/#organization","name":"Arenal Rafting Company","alternateName":"Arenal Rafting Company","url":"https:\/\/arenalrafting.com\/es\/","logo":{"@type":"ImageObject","inLanguage":"es","@id":"https:\/\/arenalrafting.com\/es\/#\/schema\/logo\/image\/","url":"https:\/\/arenalrafting.com\/wp-content\/uploads\/2021\/09\/WhatsApp-Image-2021-08-26-at-12.24.36-PM.jpeg","contentUrl":"https:\/\/arenalrafting.com\/wp-content\/uploads\/2021\/09\/WhatsApp-Image-2021-08-26-at-12.24.36-PM.jpeg","width":1024,"height":1020,"caption":"Arenal Rafting Company"},"image":{"@id":"https:\/\/arenalrafting.com\/es\/#\/schema\/logo\/image\/"},"sameAs":["https:\/\/www.facebook.com\/arenalraftingcompany\/","https:\/\/www.instagram.com\/arenalrafting\/","https:\/\/www.youtube.com\/channel\/UC54XGsT4D-ozRALr-0dxmyA","https:\/\/www.tiktok.com\/@arenalrafting"]}]}},"_links":{"self":[{"href":"https:\/\/arenalrafting.com\/es\/wp-json\/wp\/v2\/pages\/20157","targetHints":{"allow":["GET"]}}],"collection":[{"href":"https:\/\/arenalrafting.com\/es\/wp-json\/wp\/v2\/pages"}],"about":[{"href":"https:\/\/arenalrafting.com\/es\/wp-json\/wp\/v2\/types\/page"}],"author":[{"embeddable":true,"href":"https:\/\/arenalrafting.com\/es\/wp-json\/wp\/v2\/users\/5"}],"replies":[{"embeddable":true,"href":"https:\/\/arenalrafting.com\/es\/wp-json\/wp\/v2\/comments?post=20157"}],"version-history":[{"count":0,"href":"https:\/\/arenalrafting.com\/es\/wp-json\/wp\/v2\/pages\/20157\/revisions"}],"wp:featuredmedia":[{"embeddable":true,"href":"https:\/\/arenalrafting.com\/es\/wp-json\/wp\/v2\/media\/10510"}],"wp:attachment":[{"href":"https:\/\/arenalrafting.com\/es\/wp-json\/wp\/v2\/media?parent=20157"}],"curies":[{"name":"wp","href":"https:\/\/api.w.org\/{rel}","templated":true}]}}