{"id":20232,"date":"2021-09-14T14:14:58","date_gmt":"2021-09-14T20:14:58","guid":{"rendered":"https:\/\/staging.arenalrafting.com\/los-mejores-recorridos-por-la-fortuna\/"},"modified":"2025-10-12T11:59:59","modified_gmt":"2025-10-12T17:59:59","slug":"los-mejores-recorridos-por-la-fortuna","status":"publish","type":"page","link":"https:\/\/arenalrafting.com\/es\/los-mejores-recorridos-por-la-fortuna\/","title":{"rendered":"Los mejores recorridos por La Fortuna"},"content":{"rendered":"\t\t<div data-elementor-type=\"wp-page\" data-elementor-id=\"20232\" class=\"elementor elementor-20232 elementor-424\" data-elementor-post-type=\"page\">\n\t\t\t\t<div class=\"elementor-element elementor-element-a560f57 e-flex e-con-boxed e-con e-parent\" data-id=\"a560f57\" data-element_type=\"container\" data-e-type=\"container\">\n\t\t\t\t\t<div class=\"e-con-inner\">\n\t\t\t\t<div class=\"elementor-element elementor-element-54bdce20 elementor-widget elementor-widget-text-editor\" data-id=\"54bdce20\" data-element_type=\"widget\" data-e-type=\"widget\" data-widget_type=\"text-editor.default\">\n\t\t\t\t<div class=\"elementor-widget-container\">\n\t\t\t\t\t\t\t\t\t<p><strong>Volc\u00e1n Arenal, La Fortuna \u00abLa Capital de la Aventura\u00bb  <\/strong><\/p><p>La Fortuna es bien conocida como el destino costarricense con mayor variedad de excursiones de aventura;<\/p><p>Rafting, barranquismo, senderismo, espeleolog\u00eda, bicicleta de monta\u00f1a, SUP, kayak, puentes colgantes, canopy, ATV, equitaci\u00f3n, safaris, pesca, entre otras muchas aventuras.<\/p><p>Tambi\u00e9n te aconsejamos que explores las mejores experiencias culturales, como visitas a granjas, clases de cocina, bailes, caf\u00e9 y chocolate.<\/p><p>Todas estas actividades se desarrollan en las atracciones tur\u00edsticas m\u00e1s populares de los alrededores de los planos de San Carlos: la catarata de La Fortuna, el lago Arenal, el r\u00edo Balsa, el r\u00edo Arenal, el pueblo de La Fortuna, el r\u00edo Celeste, Ca\u00f1o Negro y el majestuoso volc\u00e1n Arenal.<\/p>\t\t\t\t\t\t\t\t<\/div>\n\t\t\t\t<\/div>\n\t\t\t\t\t<\/div>\n\t\t\t\t<\/div>\n\t\t\t\t<\/div>\n\t\t","protected":false},"excerpt":{"rendered":"<p>Volc\u00e1n Arenal, La Fortuna \u00abLa Capital de la Aventura\u00bb La Fortuna es bien conocida como el destino costarricense con mayor variedad de excursiones de aventura; Rafting, barranquismo, senderismo, espeleolog\u00eda, bicicleta de monta\u00f1a, SUP, kayak, puentes colgantes, canopy, ATV, equitaci\u00f3n, safaris, pesca, entre otras muchas aventuras. Tambi\u00e9n te aconsejamos que explores las mejores experiencias culturales, como [&hellip;]<\/p>\n","protected":false},"author":5,"featured_media":0,"parent":0,"menu_order":0,"comment_status":"closed","ping_status":"closed","template":"","meta":{"footnotes":""},"class_list":["post-20232","page","type-page","status-publish","hentry"],"yoast_head":"<!-- This site is optimized with the Yoast SEO plugin v27.2 - https:\/\/yoast.com\/product\/yoast-seo-wordpress\/ -->\n<title>Los mejores recorridos por La Fortuna - %<\/title>\n<meta name=\"description\" content=\"Encuentra las mejores excursiones y actividades en el volc\u00e1n arenal y la fortuna; atv ciclismo volc\u00e1n senderismo safari puentes colgantes canopy barranquismo rafting\" \/>\n<meta name=\"robots\" content=\"index, follow, max-snippet:-1, max-image-preview:large, max-video-preview:-1\" \/>\n<link rel=\"canonical\" href=\"https:\/\/arenalrafting.com\/es\/los-mejores-recorridos-por-la-fortuna\/\" \/>\n<meta property=\"og:locale\" content=\"es_ES\" \/>\n<meta property=\"og:type\" content=\"article\" \/>\n<meta property=\"og:title\" content=\"Los mejores recorridos por La Fortuna - %\" \/>\n<meta property=\"og:description\" content=\"Encuentra las mejores excursiones y actividades en el volc\u00e1n arenal y la fortuna; atv ciclismo volc\u00e1n senderismo safari puentes colgantes canopy barranquismo rafting\" \/>\n<meta property=\"og:url\" content=\"https:\/\/arenalrafting.com\/es\/los-mejores-recorridos-por-la-fortuna\/\" \/>\n<meta property=\"og:site_name\" content=\"ARENAL RAFTING 4.0\" \/>\n<meta property=\"article:publisher\" content=\"https:\/\/www.facebook.com\/arenalraftingcompany\/\" \/>\n<meta property=\"article:modified_time\" content=\"2025-10-12T17:59:59+00:00\" \/>\n<meta property=\"og:image\" content=\"https:\/\/arenalrafting.com\/wp-content\/uploads\/2023\/03\/arenal-rafting-web.jpg\" \/>\n\t<meta property=\"og:image:width\" content=\"1366\" \/>\n\t<meta property=\"og:image:height\" content=\"768\" \/>\n\t<meta property=\"og:image:type\" content=\"image\/jpeg\" \/>\n<meta name=\"twitter:card\" content=\"summary_large_image\" \/>\n<!-- \/ Yoast SEO plugin. -->","yoast_head_json":{"title":"Los mejores recorridos por La Fortuna - %","description":"Encuentra las mejores excursiones y actividades en el volc\u00e1n arenal y la fortuna; atv ciclismo volc\u00e1n senderismo safari puentes colgantes canopy barranquismo rafting","robots":{"index":"index","follow":"follow","max-snippet":"max-snippet:-1","max-image-preview":"max-image-preview:large","max-video-preview":"max-video-preview:-1"},"canonical":"https:\/\/arenalrafting.com\/es\/los-mejores-recorridos-por-la-fortuna\/","og_locale":"es_ES","og_type":"article","og_title":"Los mejores recorridos por La Fortuna - %","og_description":"Encuentra las mejores excursiones y actividades en el volc\u00e1n arenal y la fortuna; atv ciclismo volc\u00e1n senderismo safari puentes colgantes canopy barranquismo rafting","og_url":"https:\/\/arenalrafting.com\/es\/los-mejores-recorridos-por-la-fortuna\/","og_site_name":"ARENAL RAFTING 4.0","article_publisher":"https:\/\/www.facebook.com\/arenalraftingcompany\/","article_modified_time":"2025-10-12T17:59:59+00:00","og_image":[{"width":1366,"height":768,"url":"https:\/\/arenalrafting.com\/wp-content\/uploads\/2023\/03\/arenal-rafting-web.jpg","type":"image\/jpeg"}],"twitter_card":"summary_large_image","schema":{"@context":"https:\/\/schema.org","@graph":[{"@type":"WebPage","@id":"https:\/\/arenalrafting.com\/es\/los-mejores-recorridos-por-la-fortuna\/","url":"https:\/\/arenalrafting.com\/es\/los-mejores-recorridos-por-la-fortuna\/","name":"Los mejores recorridos por La Fortuna - %","isPartOf":{"@id":"https:\/\/arenalrafting.com\/es\/#website"},"datePublished":"2021-09-14T20:14:58+00:00","dateModified":"2025-10-12T17:59:59+00:00","description":"Encuentra las mejores excursiones y actividades en el volc\u00e1n arenal y la fortuna; atv ciclismo volc\u00e1n senderismo safari puentes colgantes canopy barranquismo rafting","breadcrumb":{"@id":"https:\/\/arenalrafting.com\/es\/los-mejores-recorridos-por-la-fortuna\/#breadcrumb"},"inLanguage":"es","potentialAction":[{"@type":"ReadAction","target":["https:\/\/arenalrafting.com\/es\/los-mejores-recorridos-por-la-fortuna\/"]}]},{"@type":"BreadcrumbList","@id":"https:\/\/arenalrafting.com\/es\/los-mejores-recorridos-por-la-fortuna\/#breadcrumb","itemListElement":[{"@type":"ListItem","position":1,"name":"Home","item":"https:\/\/arenalrafting.com\/es\/"},{"@type":"ListItem","position":2,"name":"Los mejores recorridos por La Fortuna"}]},{"@type":"WebSite","@id":"https:\/\/arenalrafting.com\/es\/#website","url":"https:\/\/arenalrafting.com\/es\/","name":"Arenal Rafting","description":"The best rafting adventure of your vacation!","publisher":{"@id":"https:\/\/arenalrafting.com\/es\/#organization"},"alternateName":"Arenal Rafting Tours, La Fortuna","potentialAction":[{"@type":"SearchAction","target":{"@type":"EntryPoint","urlTemplate":"https:\/\/arenalrafting.com\/es\/?s={search_term_string}"},"query-input":{"@type":"PropertyValueSpecification","valueRequired":true,"valueName":"search_term_string"}}],"inLanguage":"es"},{"@type":"Organization","@id":"https:\/\/arenalrafting.com\/es\/#organization","name":"Arenal Rafting Company","alternateName":"Arenal Rafting Company","url":"https:\/\/arenalrafting.com\/es\/","logo":{"@type":"ImageObject","inLanguage":"es","@id":"https:\/\/arenalrafting.com\/es\/#\/schema\/logo\/image\/","url":"https:\/\/arenalrafting.com\/wp-content\/uploads\/2021\/09\/WhatsApp-Image-2021-08-26-at-12.24.36-PM.jpeg","contentUrl":"https:\/\/arenalrafting.com\/wp-content\/uploads\/2021\/09\/WhatsApp-Image-2021-08-26-at-12.24.36-PM.jpeg","width":1024,"height":1020,"caption":"Arenal Rafting Company"},"image":{"@id":"https:\/\/arenalrafting.com\/es\/#\/schema\/logo\/image\/"},"sameAs":["https:\/\/www.facebook.com\/arenalraftingcompany\/","https:\/\/www.instagram.com\/arenalrafting\/","https:\/\/www.youtube.com\/channel\/UC54XGsT4D-ozRALr-0dxmyA","https:\/\/www.tiktok.com\/@arenalrafting"]}]}},"_links":{"self":[{"href":"https:\/\/arenalrafting.com\/es\/wp-json\/wp\/v2\/pages\/20232","targetHints":{"allow":["GET"]}}],"collection":[{"href":"https:\/\/arenalrafting.com\/es\/wp-json\/wp\/v2\/pages"}],"about":[{"href":"https:\/\/arenalrafting.com\/es\/wp-json\/wp\/v2\/types\/page"}],"author":[{"embeddable":true,"href":"https:\/\/arenalrafting.com\/es\/wp-json\/wp\/v2\/users\/5"}],"replies":[{"embeddable":true,"href":"https:\/\/arenalrafting.com\/es\/wp-json\/wp\/v2\/comments?post=20232"}],"version-history":[{"count":0,"href":"https:\/\/arenalrafting.com\/es\/wp-json\/wp\/v2\/pages\/20232\/revisions"}],"wp:attachment":[{"href":"https:\/\/arenalrafting.com\/es\/wp-json\/wp\/v2\/media?parent=20232"}],"curies":[{"name":"wp","href":"https:\/\/api.w.org\/{rel}","templated":true}]}}