{"id":20395,"date":"2022-03-03T18:16:03","date_gmt":"2022-03-04T00:16:03","guid":{"rendered":"https:\/\/staging.arenalrafting.com\/horario-de-autobuses-la-fortuna-horario-de-autobuses-la-fortuna\/"},"modified":"2025-11-21T16:49:38","modified_gmt":"2025-11-21T22:49:38","slug":"horario-de-autobuses-la-fortuna-horario-de-autobuses-la-fortuna","status":"publish","type":"page","link":"https:\/\/arenalrafting.com\/es\/horario-de-autobuses-la-fortuna-horario-de-autobuses-la-fortuna\/","title":{"rendered":"Horario de autobuses La Fortuna"},"content":{"rendered":"\t\t<div data-elementor-type=\"wp-page\" data-elementor-id=\"20395\" class=\"elementor elementor-20395 elementor-6040\" data-elementor-post-type=\"page\">\n\t\t\t\t\t\t<section class=\"elementor-section elementor-top-section elementor-element elementor-element-10c3dced elementor-section-boxed elementor-section-height-default elementor-section-height-default\" data-id=\"10c3dced\" data-element_type=\"section\" data-e-type=\"section\" data-settings=\"{&quot;background_background&quot;:&quot;slideshow&quot;,&quot;background_slideshow_gallery&quot;:[{&quot;id&quot;:9816,&quot;url&quot;:&quot;https:\\\/\\\/arenalrafting.com\\\/wp-content\\\/uploads\\\/2023\\\/04\\\/horario-de-buses-bus-schedule-1-e1681963933290.jpg&quot;}],&quot;background_slideshow_ken_burns&quot;:&quot;yes&quot;,&quot;shape_divider_bottom&quot;:&quot;opacity-tilt&quot;,&quot;background_slideshow_loop&quot;:&quot;yes&quot;,&quot;background_slideshow_slide_duration&quot;:5000,&quot;background_slideshow_slide_transition&quot;:&quot;fade&quot;,&quot;background_slideshow_transition_duration&quot;:500,&quot;background_slideshow_ken_burns_zoom_direction&quot;:&quot;in&quot;}\">\n\t\t\t\t\t\t\t<div class=\"elementor-background-overlay\"><\/div>\n\t\t\t\t\t\t<div class=\"elementor-shape elementor-shape-bottom\" aria-hidden=\"true\" data-negative=\"false\">\n\t\t\t<svg xmlns=\"http:\/\/www.w3.org\/2000\/svg\" viewBox=\"0 0 2600 131.1\" preserveAspectRatio=\"none\">\n\t<path class=\"elementor-shape-fill\" d=\"M0 0L2600 0 2600 69.1 0 0z\"\/>\n\t<path class=\"elementor-shape-fill\" style=\"opacity:0.5\" d=\"M0 0L2600 0 2600 69.1 0 69.1z\"\/>\n\t<path class=\"elementor-shape-fill\" style=\"opacity:0.25\" d=\"M2600 0L0 0 0 130.1 2600 69.1z\"\/>\n<\/svg>\t\t<\/div>\n\t\t\t\t\t<div class=\"elementor-container elementor-column-gap-default\">\n\t\t\t\t\t<div class=\"elementor-column elementor-col-100 elementor-top-column elementor-element elementor-element-65439e17\" data-id=\"65439e17\" data-element_type=\"column\" data-e-type=\"column\">\n\t\t\t<div class=\"elementor-widget-wrap elementor-element-populated\">\n\t\t\t\t\t\t<div class=\"elementor-element elementor-element-4422728 elementor-widget elementor-widget-heading\" data-id=\"4422728\" data-element_type=\"widget\" data-e-type=\"widget\" data-widget_type=\"heading.default\">\n\t\t\t\t<div class=\"elementor-widget-container\">\n\t\t\t\t\t<h2 class=\"elementor-heading-title elementor-size-default\">Esta p\u00e1gina s\u00f3lo est\u00e1 aqu\u00ed para mantener informados a los viajeros: Arenal Rafting no ofrece transporte p\u00fablico, \u00a1s\u00f3lo paseos salvajes por el r\u00edo! Lo nuestro es la aventura, no los horarios de los autobuses. \ud83d\udea3\u200d\u2642\ufe0f\ud83d\udca6  <\/h2>\t\t\t\t<\/div>\n\t\t\t\t<\/div>\n\t\t\t\t<div class=\"elementor-element elementor-element-43e988d5 elementor-widget elementor-widget-elementskit-heading\" data-id=\"43e988d5\" data-element_type=\"widget\" data-e-type=\"widget\" data-widget_type=\"elementskit-heading.default\">\n\t\t\t\t<div class=\"elementor-widget-container\">\n\t\t\t\t\t<div class=\"ekit-wid-con\" ><div class=\"ekit-heading elementskit-section-title-wraper text_center   ekit_heading_tablet-   ekit_heading_mobile-\"><h1 class=\"ekit-heading--title elementskit-section-title \">Autob\u00fas p\u00fablico de La Fortuna <span><span>Schedules<\/span><\/span><\/h1><\/div><\/div>\t\t\t\t<\/div>\n\t\t\t\t<\/div>\n\t\t\t\t\t<\/div>\n\t\t<\/div>\n\t\t\t\t\t<\/div>\n\t\t<\/section>\n\t\t<div class=\"elementor-element elementor-element-1b910c24 e-flex e-con-boxed e-con e-parent\" data-id=\"1b910c24\" data-element_type=\"container\" data-e-type=\"container\">\n\t\t\t\t\t<div class=\"e-con-inner\">\n\t\t<div class=\"elementor-element elementor-element-dfa802c e-grid e-con-full e-con e-child\" data-id=\"dfa802c\" data-element_type=\"container\" data-e-type=\"container\">\n\t\t\t\t<div class=\"elementor-element elementor-element-85f004c elementor-widget elementor-widget-text-editor\" data-id=\"85f004c\" data-element_type=\"widget\" data-e-type=\"widget\" data-widget_type=\"text-editor.default\">\n\t\t\t\t<div class=\"elementor-widget-container\">\n\t\t\t\t\t\t\t\t\t<h6><span style=\"font-size: 14pt;\"><strong>Desde La Fortuna - A San Jos\u00e9 (Directamente)<\/strong><\/span><\/h6><p>09:00 h.<br>12:45 h.<br>02:45 h.<br>04:10 h.<\/p><h6><span style=\"font-size: 14pt;\">Desde San Ram\u00f3n - A La Fortuna<\/span><\/h6><p>05:30 h.<br>09:00 h.<br>12:30 h.<br>04:00 h.<\/p><h6><span style=\"font-size: 14pt;\">Desde La Fortuna - A San Ram\u00f3n<\/span><\/h6><p>05:30 h.<br>09:00 h.<br>01:00 h.<br>04:00 h.<\/p>\t\t\t\t\t\t\t\t<\/div>\n\t\t\t\t<\/div>\n\t\t\t\t<div class=\"elementor-element elementor-element-7b12a9b elementor--h-position-center elementor--v-position-middle elementor-arrows-position-inside elementor-pagination-position-inside elementor-widget elementor-widget-slides\" data-id=\"7b12a9b\" data-element_type=\"widget\" data-e-type=\"widget\" data-settings=\"{&quot;autoplay_speed&quot;:4000,&quot;navigation&quot;:&quot;both&quot;,&quot;autoplay&quot;:&quot;yes&quot;,&quot;pause_on_hover&quot;:&quot;yes&quot;,&quot;pause_on_interaction&quot;:&quot;yes&quot;,&quot;infinite&quot;:&quot;yes&quot;,&quot;transition&quot;:&quot;slide&quot;,&quot;transition_speed&quot;:500}\" data-widget_type=\"slides.default\">\n\t\t\t\t<div class=\"elementor-widget-container\">\n\t\t\t\t\t\t\t\t\t<div class=\"elementor-swiper\">\n\t\t\t\t\t<div class=\"elementor-slides-wrapper elementor-main-swiper swiper\" role=\"region\" aria-roledescription=\"carousel\" aria-label=\"Slides\" dir=\"ltr\" data-animation=\"fadeInUp\">\n\t\t\t\t<div class=\"swiper-wrapper elementor-slides\">\n\t\t\t\t\t\t\t\t\t\t<div class=\"elementor-repeater-item-bd8cbe3 swiper-slide\" role=\"group\" aria-roledescription=\"slide\"><div class=\"swiper-slide-bg\" role=\"img\" aria-label=\"Horario de Autobuses a La Fortuna Lunes a S\u00e1bados\"><\/div><div class=\"swiper-slide-inner\" ><div class=\"swiper-slide-contents\"><div class=\"elementor-slide-heading\">La Fortuna - Ciudad Quesda<\/div><\/div><\/div><\/div><div class=\"elementor-repeater-item-83f0189 swiper-slide\" role=\"group\" aria-roledescription=\"slide\"><div class=\"swiper-slide-bg\" role=\"img\" aria-label=\"Horario de Autobuses a La Fortuna Domingos y Feriados\"><\/div><div class=\"swiper-slide-inner\" ><div class=\"swiper-slide-contents\"><div class=\"elementor-slide-heading\">La Fortuna - Ciudad Quesda (fin de semana)<\/div><\/div><\/div><\/div><div class=\"elementor-repeater-item-42a5365 swiper-slide\" role=\"group\" aria-roledescription=\"slide\"><div class=\"swiper-slide-bg\" role=\"img\" aria-label=\"Horario de Autobuses a Sonafluca Muelle y Abanico\"><\/div><div class=\"swiper-slide-inner\" ><div class=\"swiper-slide-contents\"><div class=\"elementor-slide-heading\">La Fortuna - Sonafluca - Muelle - Abanico<\/div><\/div><\/div><\/div><div class=\"elementor-repeater-item-88b6268 swiper-slide\" role=\"group\" aria-roledescription=\"slide\"><div class=\"swiper-slide-bg\" role=\"img\" aria-label=\"Horario de Autobuses a El Castillo\"><\/div><div class=\"swiper-slide-inner\" ><div class=\"swiper-slide-contents\"><div class=\"elementor-slide-heading\">La Fortuna - El Castillo<\/div><\/div><\/div><\/div><div class=\"elementor-repeater-item-e291dcf swiper-slide\" role=\"group\" aria-roledescription=\"slide\"><div class=\"swiper-slide-bg\" role=\"img\" aria-label=\"Horario de Autobuses a Tilaran Lunes a S\u00e1bado\"><\/div><div class=\"swiper-slide-inner\" ><div class=\"swiper-slide-contents\"><div class=\"elementor-slide-heading\">La Fortuna - Tilar\u00e1n<\/div><\/div><\/div><\/div><div class=\"elementor-repeater-item-b6ce381 swiper-slide\" role=\"group\" aria-roledescription=\"slide\"><div class=\"swiper-slide-bg\" role=\"img\" aria-label=\"Horario de Autobuses a Tilaran Domingos y Feriados\"><\/div><div class=\"swiper-slide-inner\" ><div class=\"swiper-slide-contents\"><div class=\"elementor-slide-heading\">La Fortuna - Tilaran (fines de semana)<\/div><\/div><\/div><\/div><div class=\"elementor-repeater-item-41c9664 swiper-slide\" role=\"group\" aria-roledescription=\"slide\"><div class=\"swiper-slide-bg\" role=\"img\" aria-label=\"Horario de Autobuses a Upala Lunes a S\u00e1bados\"><\/div><div class=\"swiper-slide-inner\" ><div class=\"swiper-slide-contents\"><div class=\"elementor-slide-heading\">La Fortuna - Upala<\/div><\/div><\/div><\/div>\t\t\t\t<\/div>\n\t\t\t\t\t\t\t\t\t\t\t\t\t\t\t<div class=\"elementor-swiper-button elementor-swiper-button-prev\" role=\"button\" tabindex=\"0\" aria-label=\"Diapositiva anterior\">\n\t\t\t\t\t\t\t<svg aria-hidden=\"true\" class=\"e-font-icon-svg e-eicon-chevron-left\" viewBox=\"0 0 1000 1000\" xmlns=\"http:\/\/www.w3.org\/2000\/svg\"><path d=\"M646 125C629 125 613 133 604 142L308 442C296 454 292 471 292 487 292 504 296 521 308 533L604 854C617 867 629 875 646 875 663 875 679 871 692 858 704 846 713 829 713 812 713 796 708 779 692 767L438 487 692 225C700 217 708 204 708 187 708 171 704 154 692 142 675 129 663 125 646 125Z\"><\/path><\/svg>\t\t\t\t\t\t<\/div>\n\t\t\t\t\t\t<div class=\"elementor-swiper-button elementor-swiper-button-next\" role=\"button\" tabindex=\"0\" aria-label=\"Diapositiva siguiente\">\n\t\t\t\t\t\t\t<svg aria-hidden=\"true\" class=\"e-font-icon-svg e-eicon-chevron-right\" viewBox=\"0 0 1000 1000\" xmlns=\"http:\/\/www.w3.org\/2000\/svg\"><path d=\"M696 533C708 521 713 504 713 487 713 471 708 454 696 446L400 146C388 133 375 125 354 125 338 125 325 129 313 142 300 154 292 171 292 187 292 204 296 221 308 233L563 492 304 771C292 783 288 800 288 817 288 833 296 850 308 863 321 871 338 875 354 875 371 875 388 867 400 854L696 533Z\"><\/path><\/svg>\t\t\t\t\t\t<\/div>\n\t\t\t\t\t\t\t\t\t\t\t\t\t\t\t\t<div class=\"swiper-pagination\"><\/div>\n\t\t\t\t\t\t\t\t\t\t\t\t<\/div>\n\t\t\t\t<\/div>\n\t\t\t\t\t\t\t\t<\/div>\n\t\t\t\t<\/div>\n\t\t\t\t<\/div>\n\t\t\t\t<div class=\"elementor-element elementor-element-28b38cb elementor-widget elementor-widget-text-editor\" data-id=\"28b38cb\" data-element_type=\"widget\" data-e-type=\"widget\" data-widget_type=\"text-editor.default\">\n\t\t\t\t<div class=\"elementor-widget-container\">\n\t\t\t\t\t\t\t\t\t<p>Para m\u00e1s informaci\u00f3n sobre horarios y servicio de autobuses, consulta este enlace <a href=\"https:\/\/www.facebook.com\/profile.php?id=100067987053726\" target=\"_blank\" rel=\"noopener\">\n  <span style=\"color: #0000ff;\">\n    <strong>https:\/\/www.facebook.com\/profile.php?id=100067987053726<\/strong>\n  <\/span>\n<\/a><\/p>\t\t\t\t\t\t\t\t<\/div>\n\t\t\t\t<\/div>\n\t\t\t\t\t<\/div>\n\t\t\t\t<\/div>\n\t\t\t\t<\/div>\n\t\t","protected":false},"excerpt":{"rendered":"<p>Esta p\u00e1gina s\u00f3lo est\u00e1 aqu\u00ed para mantener informados a los viajeros: Arenal Rafting no ofrece transporte p\u00fablico, \u00a1s\u00f3lo paseos salvajes por el r\u00edo! Lo nuestro es la aventura, no los horarios de los autobuses. ?\u200d\u2642\ufe0f? Autob\u00fas p\u00fablico de La Fortuna Schedules Desde La Fortuna - A San Jos\u00e9 (Directamente) 09:00 h.12:45 h.02:45 h.04:10 h. Desde [&hellip;]<\/p>\n","protected":false},"author":5,"featured_media":9816,"parent":0,"menu_order":0,"comment_status":"closed","ping_status":"closed","template":"elementor_header_footer","meta":{"footnotes":""},"class_list":["post-20395","page","type-page","status-publish","has-post-thumbnail","hentry"],"yoast_head":"<!-- This site is optimized with the Yoast SEO plugin v27.3 - https:\/\/yoast.com\/product\/yoast-seo-wordpress\/ -->\n<title>Horario de autobuses La Fortuna - ARENAL RAFTING 4.0<\/title>\n<meta name=\"description\" content=\"\u00bfC\u00f3mo llegar a La Fortuna desde San Jos\u00e9 o Liberia? El autob\u00fas p\u00fablico es una forma asequible y f\u00e1cil de viajar por Costa Rica. Encuentra aqu\u00ed los horarios de autobuses y las mejores cosas que hacer en el Volc\u00e1n Arenal.\" \/>\n<meta name=\"robots\" content=\"index, follow, max-snippet:-1, max-image-preview:large, max-video-preview:-1\" \/>\n<link rel=\"canonical\" href=\"https:\/\/arenalrafting.com\/es\/horario-de-autobuses-la-fortuna-horario-de-autobuses-la-fortuna\/\" \/>\n<meta property=\"og:locale\" content=\"es_ES\" \/>\n<meta property=\"og:type\" content=\"article\" \/>\n<meta property=\"og:title\" content=\"Horario de autobuses La Fortuna - ARENAL RAFTING 4.0\" \/>\n<meta property=\"og:description\" content=\"\u00bfC\u00f3mo llegar a La Fortuna desde San Jos\u00e9 o Liberia? El autob\u00fas p\u00fablico es una forma asequible y f\u00e1cil de viajar por Costa Rica. Encuentra aqu\u00ed los horarios de autobuses y las mejores cosas que hacer en el Volc\u00e1n Arenal.\" \/>\n<meta property=\"og:url\" content=\"https:\/\/arenalrafting.com\/es\/horario-de-autobuses-la-fortuna-horario-de-autobuses-la-fortuna\/\" \/>\n<meta property=\"og:site_name\" content=\"ARENAL RAFTING 4.0\" \/>\n<meta property=\"article:publisher\" content=\"https:\/\/www.facebook.com\/arenalraftingcompany\/\" \/>\n<meta property=\"article:modified_time\" content=\"2025-11-21T22:49:38+00:00\" \/>\n<meta property=\"og:image\" content=\"https:\/\/arenalrafting.com\/wp-content\/uploads\/2023\/04\/horario-de-buses-bus-schedule-1-e1681963933290.jpg\" \/>\n\t<meta property=\"og:image:width\" content=\"1366\" \/>\n\t<meta property=\"og:image:height\" content=\"423\" \/>\n\t<meta property=\"og:image:type\" content=\"image\/jpeg\" \/>\n<meta name=\"twitter:card\" content=\"summary_large_image\" \/>\n<!-- \/ Yoast SEO plugin. -->","yoast_head_json":{"title":"Horario de autobuses La Fortuna - ARENAL RAFTING 4.0","description":"\u00bfC\u00f3mo llegar a La Fortuna desde San Jos\u00e9 o Liberia? El autob\u00fas p\u00fablico es una forma asequible y f\u00e1cil de viajar por Costa Rica. Encuentra aqu\u00ed los horarios de autobuses y las mejores cosas que hacer en el Volc\u00e1n Arenal.","robots":{"index":"index","follow":"follow","max-snippet":"max-snippet:-1","max-image-preview":"max-image-preview:large","max-video-preview":"max-video-preview:-1"},"canonical":"https:\/\/arenalrafting.com\/es\/horario-de-autobuses-la-fortuna-horario-de-autobuses-la-fortuna\/","og_locale":"es_ES","og_type":"article","og_title":"Horario de autobuses La Fortuna - ARENAL RAFTING 4.0","og_description":"\u00bfC\u00f3mo llegar a La Fortuna desde San Jos\u00e9 o Liberia? El autob\u00fas p\u00fablico es una forma asequible y f\u00e1cil de viajar por Costa Rica. Encuentra aqu\u00ed los horarios de autobuses y las mejores cosas que hacer en el Volc\u00e1n Arenal.","og_url":"https:\/\/arenalrafting.com\/es\/horario-de-autobuses-la-fortuna-horario-de-autobuses-la-fortuna\/","og_site_name":"ARENAL RAFTING 4.0","article_publisher":"https:\/\/www.facebook.com\/arenalraftingcompany\/","article_modified_time":"2025-11-21T22:49:38+00:00","og_image":[{"width":1366,"height":423,"url":"https:\/\/arenalrafting.com\/wp-content\/uploads\/2023\/04\/horario-de-buses-bus-schedule-1-e1681963933290.jpg","type":"image\/jpeg"}],"twitter_card":"summary_large_image","schema":{"@context":"https:\/\/schema.org","@graph":[{"@type":"WebPage","@id":"https:\/\/arenalrafting.com\/es\/horario-de-autobuses-la-fortuna-horario-de-autobuses-la-fortuna\/","url":"https:\/\/arenalrafting.com\/es\/horario-de-autobuses-la-fortuna-horario-de-autobuses-la-fortuna\/","name":"Horario de autobuses La Fortuna - ARENAL RAFTING 4.0","isPartOf":{"@id":"https:\/\/arenalrafting.com\/es\/#website"},"primaryImageOfPage":{"@id":"https:\/\/arenalrafting.com\/es\/horario-de-autobuses-la-fortuna-horario-de-autobuses-la-fortuna\/#primaryimage"},"image":{"@id":"https:\/\/arenalrafting.com\/es\/horario-de-autobuses-la-fortuna-horario-de-autobuses-la-fortuna\/#primaryimage"},"thumbnailUrl":"https:\/\/arenalrafting.com\/wp-content\/uploads\/2023\/04\/horario-de-buses-bus-schedule-1-e1681963933290.jpg","datePublished":"2022-03-04T00:16:03+00:00","dateModified":"2025-11-21T22:49:38+00:00","description":"\u00bfC\u00f3mo llegar a La Fortuna desde San Jos\u00e9 o Liberia? El autob\u00fas p\u00fablico es una forma asequible y f\u00e1cil de viajar por Costa Rica. Encuentra aqu\u00ed los horarios de autobuses y las mejores cosas que hacer en el Volc\u00e1n Arenal.","breadcrumb":{"@id":"https:\/\/arenalrafting.com\/es\/horario-de-autobuses-la-fortuna-horario-de-autobuses-la-fortuna\/#breadcrumb"},"inLanguage":"es","potentialAction":[{"@type":"ReadAction","target":["https:\/\/arenalrafting.com\/es\/horario-de-autobuses-la-fortuna-horario-de-autobuses-la-fortuna\/"]}]},{"@type":"ImageObject","inLanguage":"es","@id":"https:\/\/arenalrafting.com\/es\/horario-de-autobuses-la-fortuna-horario-de-autobuses-la-fortuna\/#primaryimage","url":"https:\/\/arenalrafting.com\/wp-content\/uploads\/2023\/04\/horario-de-buses-bus-schedule-1-e1681963933290.jpg","contentUrl":"https:\/\/arenalrafting.com\/wp-content\/uploads\/2023\/04\/horario-de-buses-bus-schedule-1-e1681963933290.jpg","width":1366,"height":423,"caption":"horario de autobuses la fortuna"},{"@type":"BreadcrumbList","@id":"https:\/\/arenalrafting.com\/es\/horario-de-autobuses-la-fortuna-horario-de-autobuses-la-fortuna\/#breadcrumb","itemListElement":[{"@type":"ListItem","position":1,"name":"Home","item":"https:\/\/arenalrafting.com\/es\/inicio\/"},{"@type":"ListItem","position":2,"name":"Horario de autobuses La Fortuna"}]},{"@type":"WebSite","@id":"https:\/\/arenalrafting.com\/es\/#website","url":"https:\/\/arenalrafting.com\/es\/","name":"Arenal Rafting","description":"The best rafting adventure of your vacation!","publisher":{"@id":"https:\/\/arenalrafting.com\/es\/#organization"},"alternateName":"Arenal Rafting Tours, La Fortuna","potentialAction":[{"@type":"SearchAction","target":{"@type":"EntryPoint","urlTemplate":"https:\/\/arenalrafting.com\/es\/?s={search_term_string}"},"query-input":{"@type":"PropertyValueSpecification","valueRequired":true,"valueName":"search_term_string"}}],"inLanguage":"es"},{"@type":"Organization","@id":"https:\/\/arenalrafting.com\/es\/#organization","name":"Arenal Rafting Company","alternateName":"Arenal Rafting Company","url":"https:\/\/arenalrafting.com\/es\/","logo":{"@type":"ImageObject","inLanguage":"es","@id":"https:\/\/arenalrafting.com\/es\/#\/schema\/logo\/image\/","url":"https:\/\/arenalrafting.com\/wp-content\/uploads\/2021\/09\/WhatsApp-Image-2021-08-26-at-12.24.36-PM.jpeg","contentUrl":"https:\/\/arenalrafting.com\/wp-content\/uploads\/2021\/09\/WhatsApp-Image-2021-08-26-at-12.24.36-PM.jpeg","width":1024,"height":1020,"caption":"Arenal Rafting Company"},"image":{"@id":"https:\/\/arenalrafting.com\/es\/#\/schema\/logo\/image\/"},"sameAs":["https:\/\/www.facebook.com\/arenalraftingcompany\/","https:\/\/www.instagram.com\/arenalrafting\/","https:\/\/www.youtube.com\/channel\/UC54XGsT4D-ozRALr-0dxmyA","https:\/\/www.tiktok.com\/@arenalrafting"]}]}},"_links":{"self":[{"href":"https:\/\/arenalrafting.com\/es\/wp-json\/wp\/v2\/pages\/20395","targetHints":{"allow":["GET"]}}],"collection":[{"href":"https:\/\/arenalrafting.com\/es\/wp-json\/wp\/v2\/pages"}],"about":[{"href":"https:\/\/arenalrafting.com\/es\/wp-json\/wp\/v2\/types\/page"}],"author":[{"embeddable":true,"href":"https:\/\/arenalrafting.com\/es\/wp-json\/wp\/v2\/users\/5"}],"replies":[{"embeddable":true,"href":"https:\/\/arenalrafting.com\/es\/wp-json\/wp\/v2\/comments?post=20395"}],"version-history":[{"count":0,"href":"https:\/\/arenalrafting.com\/es\/wp-json\/wp\/v2\/pages\/20395\/revisions"}],"wp:featuredmedia":[{"embeddable":true,"href":"https:\/\/arenalrafting.com\/es\/wp-json\/wp\/v2\/media\/9816"}],"wp:attachment":[{"href":"https:\/\/arenalrafting.com\/es\/wp-json\/wp\/v2\/media?parent=20395"}],"curies":[{"name":"wp","href":"https:\/\/api.w.org\/{rel}","templated":true}]}}